{"id":1482,"date":"2025-03-10T01:54:45","date_gmt":"2025-03-10T01:54:45","guid":{"rendered":"https:\/\/fruut.pt\/?page_id=1482"},"modified":"2025-12-26T12:19:17","modified_gmt":"2025-12-26T12:19:17","slug":"termos-e-condicoes","status":"publish","type":"page","link":"https:\/\/fruut.pt\/en\/termos-e-condicoes\/","title":{"rendered":"Terms and Conditions"},"content":{"rendered":"<div data-elementor-type=\"wp-page\" data-elementor-id=\"1482\" class=\"elementor elementor-1482\" data-elementor-post-type=\"page\">\n\t\t\t\t<div class=\"elementor-element elementor-element-587ec344 e-flex e-con-boxed e-con e-parent\" data-id=\"587ec344\" data-element_type=\"container\">\n\t\t\t\t\t<div class=\"e-con-inner\">\n\t\t\t\t<div class=\"elementor-element elementor-element-6ed24d68 elementor-widget elementor-widget-text-editor\" data-id=\"6ed24d68\" data-element_type=\"widget\" data-widget_type=\"text-editor.default\">\n\t\t\t\t<div class=\"elementor-widget-container\">\n\t\t\t\t\t\t\t\t\t<h1><strong><span style=\"color: #69130f;\">Terms and Conditions<\/span><\/strong><\/h1><p><span style=\"color: #000000;\">General conditions of CONTRACTING AND USE:<\/span><\/p><p><strong><span style=\"color: #000000;\">Ownership of the domain https:\/\/www.fruut.pt<\/span><\/strong><\/p><p><span style=\"color: #000000;\">1.1. The website https:\/\/www.fruut.pt (hereinafter referred to as the WEBSITE) is owned by Sociedade Agr\u00edcola Quinta de Vilar, LDA. (hereinafter referred to as Quinta de Vilar), Tax Identification Number 502.132.302, with registered office at Estrada Nacional 229 \u2013 2- Travancela S\u00e1t\u00e3o, 3560-129 S\u00e3o Miguel da Vila Boa.<\/span><br \/><span style=\"color: #000000;\">1.2. For any clarification related to the SITE or these General Terms and Conditions of Contract and Use (hereinafter referred to as CONDITIONS), you may contact Quinta de Vilar through any of the following means:<\/span><br \/><span style=\"color: #000000;\">\u2013 Email: fruut@fruut.pt<\/span><br \/><span style=\"color: #000000;\">\u2013 Letter: National Road 229 \u2013 2- Travancela S\u00e1t\u00e3o, 3560-129 S\u00e3o Miguel da Vila Boa<\/span><br \/><span style=\"color: #000000;\">\u2013 Telephone (during business hours from 9:00 AM to 1:00 PM and from 2:00 PM to 5:00 PM): +351 232 931 112 (National landline call)<\/span><\/p><p><strong><span style=\"color: #000000;\">Scope of application<\/span><\/strong><\/p><p><span style=\"color: #000000;\">2.1. These Terms and Conditions apply to all visits to the SITE.<\/span><br \/><span style=\"color: #000000;\">2.2. Browsing the SITE implies acceptance of these Terms and Conditions by the user, therefore if the user does not agree with the TERMS and Conditions, they may not use this website.<\/span><br \/><span style=\"color: #000000;\">2.3. Quinta de Vilar reserves the right to change these Terms and Conditions without prior notice, with any changes being published on the website.<\/span><\/p><p><strong><span style=\"color: #000000;\">Content information<\/span><\/strong><\/p><p><span style=\"color: #000000;\">3.1. The reproduction, transfer, distribution or storage of the site&#039;s contents without prior written authorization from Quinta de Vilar is prohibited.<\/span><br \/><span style=\"color: #000000;\">3.2. The introduction of links to this SITE is expressly prohibited, regardless of the intended purpose, without prior authorization from Quinta de Vilar.<\/span><br \/><span style=\"color: #000000;\">3.4. Quinta de Vilar reserves the right to modify the information available on the WEBSITE at any time.<\/span><\/p><p><strong><span style=\"color: #000000;\">Intellectual property<\/span><\/strong><\/p><p><span style=\"color: #000000;\">4.1. All copyrights and\/or related rights to software\/computer programs and\/or industrial property, as well as any other rights of a similar nature commonly referred to collectively as &quot;intellectual property,&quot; including but not limited to, relating to any and all products or services, projects, technological solutions or technical documentation, design work, manuals, databases, mere ideas or know-how, trade secrets, commercial information, sales\/marketing techniques, relating to Quinta de Vilar and the website, are the exclusive property of Quinta de Vilar.<\/span><br \/><span style=\"color: #000000;\">4.2. The use, in whole or in part, regardless of the form, by whomever, of anything relating to the aforementioned type of &quot;intellectual property&quot; rights, which are the exclusive property of Quinta de Vilar, requires prior written authorization from Quinta de Vilar.<\/span><\/p><p><strong><span style=\"color: #000000;\">User obligations<\/span><\/strong><\/p><p><span style=\"color: #000000;\">5.1. The user agrees to:<\/span><br \/><span style=\"color: #000000;\">a) Scrupulously comply with the Conditions;<\/span><br \/><span style=\"color: #000000;\">b) Refrain from introducing, storing or disseminating through the website defamatory, obscene, injurious, xenophobic and\/or any other content that violates general principles of law and public order;<\/span><br \/><span style=\"color: #000000;\">c) Respect all intellectual property rights of Quinta de Vilar and third parties, including those relating to the products;<\/span><\/p><p><strong><span style=\"color: #000000;\">Disclaimer<\/span><\/strong><\/p><p><span style=\"color: #000000;\">Quinta de Vilar disclaims all liability of any kind whatsoever, with the sole exception of liability arising from mandatory legal regulations which, therefore, cannot be waived.<\/span><\/p><p><span style=\"color: #000000;\">Applicable legislation and dispute resolution<\/span><\/p><p><span style=\"color: #000000;\">6.1. These TERMS AND CONDITIONS are subject to Portuguese law.<\/span><br \/><span style=\"color: #000000;\">6.2. The competent court to settle any dispute relating to the SITE, the TERMS AND CONDITIONS, and any other situation relating to Quinta de Vilar that is connected with the TERMS AND CONDITIONS, is the Court of the District of Porto, to the exclusion of any other.<\/span><br \/><span style=\"color: #000000;\">6.3. For the purposes of Article 18 of Law No. 144\/2015 of 08-09, consumers are informed that, in the event of a dispute, they may resort to Alternative Dispute Resolution (ADR), with the following ADR entities available:<\/span><br \/><span style=\"color: #000000;\">Porto Consumer Information and Arbitration Center: http:\/\/www.cicap.pt<\/span><br \/><span style=\"color: #000000;\">Lisbon Consumer Conflict Arbitration Center: http:\/\/www.centroarbitragemlisboa.pt\/<\/span><br \/><span style=\"color: #000000;\">Vale do Ave Consumer Conflict Arbitration Center\/Arbitration Court: http:\/\/www.triave.pt\/<\/span><br \/><span style=\"color: #000000;\">CIAB \u2013 Consumer Information, Mediation and Arbitration Center (Consumer Arbitration Court): http:\/\/www.ciab.pt\/pt\/<\/span><br \/><span style=\"color: #000000;\">CNIACC \u2013 National Center for Information and Arbitration of Consumer Conflicts: http:\/\/www.arbitragemdeconsumo.org\/<\/span><br \/><span style=\"color: #000000;\">Consumer Conflict Arbitration Center of the District of Coimbra: http:\/\/www.centrodearbitragemdecoimbra.com<\/span><br \/><span style=\"color: #000000;\">Algarve Consumer Conflict Information, Mediation and Arbitration Centre: http:\/\/www.consumoalgarve.pt<\/span><br \/><span style=\"color: #000000;\">Madeira Consumer Conflict Arbitration Center: http:\/\/www.srrh.gov-madeira.pt<\/span><\/p><p><strong><span style=\"color: #000000;\">Changes<\/span><\/strong><\/p><p><span style=\"color: #000000;\">Quinta de Vilar reserves the right to make changes to these TERMS AND CONDITIONS at any time, with immediate effect.<\/span><\/p>\t\t\t\t\t\t\t\t<\/div>\n\t\t\t\t<\/div>\n\t\t\t\t\t<\/div>\n\t\t\t\t<\/div>\n\t\t\t\t<\/div>","protected":false},"excerpt":{"rendered":"<p>Termos e Condi\u00e7\u00f5es Condi\u00e7\u00f5es gerais de CONTRATA\u00c7\u00c3O E UTILIZA\u00c7\u00c3O: Titularidade do dom\u00ednio https:\/\/www.fruut.pt 1.1. O site https:\/\/www.fruut.pt (doravante designado por SITE) \u00e9 propriedade da Sociedade Agr\u00edcola Quinta de Vilar, LDA. (doravante designada por Quinta de Vilar), NIPC n.\u00ba 502.132.302, com sede na Estrada Nacional 229 \u2013 2- Travancela S\u00e1t\u00e3o, 3560-129 S\u00e3o Miguel da Vila Boa.1.2. [&hellip;]<\/p>","protected":false},"author":1,"featured_media":0,"parent":0,"menu_order":0,"comment_status":"closed","ping_status":"closed","template":"elementor_header_footer","meta":{"footnotes":""},"class_list":["post-1482","page","type-page","status-publish","hentry"],"_links":{"self":[{"href":"https:\/\/fruut.pt\/en\/wp-json\/wp\/v2\/pages\/1482","targetHints":{"allow":["GET"]}}],"collection":[{"href":"https:\/\/fruut.pt\/en\/wp-json\/wp\/v2\/pages"}],"about":[{"href":"https:\/\/fruut.pt\/en\/wp-json\/wp\/v2\/types\/page"}],"author":[{"embeddable":true,"href":"https:\/\/fruut.pt\/en\/wp-json\/wp\/v2\/users\/1"}],"replies":[{"embeddable":true,"href":"https:\/\/fruut.pt\/en\/wp-json\/wp\/v2\/comments?post=1482"}],"version-history":[{"count":40,"href":"https:\/\/fruut.pt\/en\/wp-json\/wp\/v2\/pages\/1482\/revisions"}],"predecessor-version":[{"id":1874,"href":"https:\/\/fruut.pt\/en\/wp-json\/wp\/v2\/pages\/1482\/revisions\/1874"}],"wp:attachment":[{"href":"https:\/\/fruut.pt\/en\/wp-json\/wp\/v2\/media?parent=1482"}],"curies":[{"name":"wp","href":"https:\/\/api.w.org\/{rel}","templated":true}]}}